{"id":5963,"date":"2025-03-14T19:35:18","date_gmt":"2025-03-14T16:35:18","guid":{"rendered":"https:\/\/totalbeauty.ee\/?post_type=product&#038;p=5963"},"modified":"2025-03-14T19:37:13","modified_gmt":"2025-03-14T16:37:13","slug":"ripsmetuss-hooldava-toimega-must","status":"publish","type":"product","link":"https:\/\/totalbeauty.ee\/et\/shop\/pood\/naistele\/ripsmetuss-hooldava-toimega-must\/","title":{"rendered":"Ripsmetu\u0161\u0161 hooldava toimega must"},"content":{"rendered":"<p>Mascara lipocils on midagi enamat kui lihtsalt ripsmetu\u0161\u0161. See sisaldab legendaarset botaanilist kompleksi, mis soodustab ripsmete kasvu, niisutab ja tugevdab neid. Kahetoimelise tehnoloogia abil on ripsmed koheselt elastsed, ripsmed toidetud juurtest otsteni ja kaetud \u00fchtlaselt s\u00fcgavmusta v\u00e4rvitooniga. Kaunilt koolutatud, vol\u00fc\u00fcmikad ja pikad ripsmed loomulikul teel. Kerge eemaldada, ilmastikukindel. Biotinoyl Tripeptide-1 annab elastsuse. Provitamin B-5 niisutab ja stimuleerib rakkude uuenemist. Coleus forskohlii extract &amp; hexapeptide (Acetyl Hexapeptide-1) &#8211; stimuleerib melaniini s\u00fcnteesi, et intensiivistada ripsmete looduslikku pigmentatsiooni. 89% koostisainetest on naturaalset p\u00e4ritolu. Patenteeritud silikoonhari on h\u00fcgieeniline, kergelt kaardus ja ulatub v\u00e4ikseimate ripsmeteni ning annab lisapikkust. Toodetud Prantsusmaal. Kasutamine: alustage kasutamist ripsmejuurtest otsteni \u00f5rnalt siksakiliste liigutusega, et ripsmeid eraldada. K\u00f5ige pisemate ripsmete jaoks kasutage harja otsa. Glamuurse v\u00e4limuse saamiseks kandke peale mitu kihti<\/p>\n","protected":false},"excerpt":{"rendered":"<p>Mascara lipocils on midagi enamat kui lihtsalt ripsmetu\u0161\u0161. See sisaldab legendaarset botaanilist kompleksi, mis soodustab ripsmete kasvu, niisutab ja tugevdab neid. Kahetoimelise tehnoloogia abil on ripsmed koheselt elastsed, ripsmed toidetud juurtest otsteni ja kaetud \u00fchtlaselt s\u00fcgavmusta v\u00e4rvitooniga. Kaunilt koolutatud, vol\u00fc\u00fcmikad [&hellip;]<\/p>\n","protected":false},"featured_media":6094,"template":"","meta":[],"product_brand":[],"product_cat":[202,214,209],"product_tag":[],"class_list":{"0":"post-5963","1":"product","2":"type-product","3":"status-publish","4":"has-post-thumbnail","6":"product_cat-naistele","7":"product_cat-pood","8":"product_cat-talika-et","10":"first","11":"instock","12":"shipping-taxable","13":"purchasable","14":"product-type-simple"},"_links":{"self":[{"href":"https:\/\/totalbeauty.ee\/et\/wp-json\/wp\/v2\/product\/5963","targetHints":{"allow":["GET"]}}],"collection":[{"href":"https:\/\/totalbeauty.ee\/et\/wp-json\/wp\/v2\/product"}],"about":[{"href":"https:\/\/totalbeauty.ee\/et\/wp-json\/wp\/v2\/types\/product"}],"wp:featuredmedia":[{"embeddable":true,"href":"https:\/\/totalbeauty.ee\/et\/wp-json\/wp\/v2\/media\/6094"}],"wp:attachment":[{"href":"https:\/\/totalbeauty.ee\/et\/wp-json\/wp\/v2\/media?parent=5963"}],"wp:term":[{"taxonomy":"product_brand","embeddable":true,"href":"https:\/\/totalbeauty.ee\/et\/wp-json\/wp\/v2\/product_brand?post=5963"},{"taxonomy":"product_cat","embeddable":true,"href":"https:\/\/totalbeauty.ee\/et\/wp-json\/wp\/v2\/product_cat?post=5963"},{"taxonomy":"product_tag","embeddable":true,"href":"https:\/\/totalbeauty.ee\/et\/wp-json\/wp\/v2\/product_tag?post=5963"}],"curies":[{"name":"wp","href":"https:\/\/api.w.org\/{rel}","templated":true}]}}