{"id":5957,"date":"2025-03-14T19:29:29","date_gmt":"2025-03-14T16:29:29","guid":{"rendered":"https:\/\/totalbeauty.ee\/?post_type=product&#038;p=5957"},"modified":"2025-03-14T19:32:58","modified_gmt":"2025-03-14T16:32:58","slug":"ripsmete-hooldusgeel-10-ml","status":"publish","type":"product","link":"https:\/\/totalbeauty.ee\/et\/shop\/pood\/naistele\/ripsmete-hooldusgeel-10-ml\/","title":{"rendered":"Ripsmete hooldusgeel 10 ml"},"content":{"rendered":"<p>Looduslikul teel kaunid ja elastsed ripsmed 28 p\u00e4eva jooksul. Hooldusgeeli valmistamiseks on kasutatud 5 taime ekstrakte, mis soodustavad ripsmete kasvu, niisutavad ja tugevdavad neid. Regulaarsel kasutamisel muutuvad ripsmed tihedamaks ja tervemaks. T\u00e4iuslik Lipocils Expert\u00ae 1 tootes 3 toimet: pikemad ja tihedamad ripsmed, loomuliku pigmendi taastootmine ja tooni tugevdamine ning kaunilt koolutatud ripsmed. Kasutamine: kandke ripsmetele igal hommikul enne meiki, alustades ripsmejuurest kuni ripsmete tipuni v\u00e4lja. Tulemused: 28 p\u00e4eva jooksul kuni 4mm pikemad, paksemad ja tihedamad, kaunilt koolutatud ripsmed ja loomulikult intensiivsem v\u00e4rv.<\/p>\n","protected":false},"excerpt":{"rendered":"<p>Looduslikul teel kaunid ja elastsed ripsmed 28 p\u00e4eva jooksul. Hooldusgeeli valmistamiseks on kasutatud 5 taime ekstrakte, mis soodustavad ripsmete kasvu, niisutavad ja tugevdavad neid. Regulaarsel kasutamisel muutuvad ripsmed tihedamaks ja tervemaks. T\u00e4iuslik Lipocils Expert\u00ae 1 tootes 3 toimet: pikemad ja [&hellip;]<\/p>\n","protected":false},"featured_media":6085,"template":"","meta":[],"product_brand":[],"product_cat":[202,214,209],"product_tag":[],"class_list":{"0":"post-5957","1":"product","2":"type-product","3":"status-publish","4":"has-post-thumbnail","6":"product_cat-naistele","7":"product_cat-pood","8":"product_cat-talika-et","10":"first","11":"instock","12":"shipping-taxable","13":"purchasable","14":"product-type-simple"},"_links":{"self":[{"href":"https:\/\/totalbeauty.ee\/et\/wp-json\/wp\/v2\/product\/5957","targetHints":{"allow":["GET"]}}],"collection":[{"href":"https:\/\/totalbeauty.ee\/et\/wp-json\/wp\/v2\/product"}],"about":[{"href":"https:\/\/totalbeauty.ee\/et\/wp-json\/wp\/v2\/types\/product"}],"wp:featuredmedia":[{"embeddable":true,"href":"https:\/\/totalbeauty.ee\/et\/wp-json\/wp\/v2\/media\/6085"}],"wp:attachment":[{"href":"https:\/\/totalbeauty.ee\/et\/wp-json\/wp\/v2\/media?parent=5957"}],"wp:term":[{"taxonomy":"product_brand","embeddable":true,"href":"https:\/\/totalbeauty.ee\/et\/wp-json\/wp\/v2\/product_brand?post=5957"},{"taxonomy":"product_cat","embeddable":true,"href":"https:\/\/totalbeauty.ee\/et\/wp-json\/wp\/v2\/product_cat?post=5957"},{"taxonomy":"product_tag","embeddable":true,"href":"https:\/\/totalbeauty.ee\/et\/wp-json\/wp\/v2\/product_tag?post=5957"}],"curies":[{"name":"wp","href":"https:\/\/api.w.org\/{rel}","templated":true}]}}