{"id":5951,"date":"2025-03-14T19:25:24","date_gmt":"2025-03-14T16:25:24","guid":{"rendered":"https:\/\/totalbeauty.ee\/?post_type=product&#038;p=5951"},"modified":"2025-03-14T19:28:55","modified_gmt":"2025-03-14T16:28:55","slug":"rahustava-toimega-roll-on-silmageel-10-ml","status":"publish","type":"product","link":"https:\/\/totalbeauty.ee\/et\/shop\/pood\/naistele\/rahustava-toimega-roll-on-silmageel-10-ml\/","title":{"rendered":"Rahustava toimega roll-on silmageel 10 ml"},"content":{"rendered":"<p>Rahustava toimega kanepi CBD-d sisaldav silma\u00fcmbruse roll-on. Stressivastane ja niisutav silmahooldus v\u00e4hendab v\u00e4simuse ja stressi m\u00e4rke silma\u00fcmbruses. Silub kortsud, v\u00e4hendab tumedaid silmaaluseid ja turseid. Kasutamine: kandke silma\u00fcmbrustele hommikuti ja\/v\u00f5i \u00f5htuti, kergelt rullikule vajutades, liikudes silma sisenurgast v\u00e4ljapoole. Vajadusel tupsutage \u00f5rnalt s\u00f5rmedega \u00fcle.<\/p>\n","protected":false},"excerpt":{"rendered":"<p>Rahustava toimega kanepi CBD-d sisaldav silma\u00fcmbruse roll-on. Stressivastane ja niisutav silmahooldus v\u00e4hendab v\u00e4simuse ja stressi m\u00e4rke silma\u00fcmbruses. Silub kortsud, v\u00e4hendab tumedaid silmaaluseid ja turseid. Kasutamine: kandke silma\u00fcmbrustele hommikuti ja\/v\u00f5i \u00f5htuti, kergelt rullikule vajutades, liikudes silma sisenurgast v\u00e4ljapoole. Vajadusel tupsutage \u00f5rnalt [&hellip;]<\/p>\n","protected":false},"featured_media":6103,"template":"","meta":[],"product_brand":[],"product_cat":[202,214,209],"product_tag":[],"class_list":{"0":"post-5951","1":"product","2":"type-product","3":"status-publish","4":"has-post-thumbnail","6":"product_cat-naistele","7":"product_cat-pood","8":"product_cat-talika-et","10":"first","11":"instock","12":"shipping-taxable","13":"purchasable","14":"product-type-simple"},"_links":{"self":[{"href":"https:\/\/totalbeauty.ee\/et\/wp-json\/wp\/v2\/product\/5951","targetHints":{"allow":["GET"]}}],"collection":[{"href":"https:\/\/totalbeauty.ee\/et\/wp-json\/wp\/v2\/product"}],"about":[{"href":"https:\/\/totalbeauty.ee\/et\/wp-json\/wp\/v2\/types\/product"}],"wp:featuredmedia":[{"embeddable":true,"href":"https:\/\/totalbeauty.ee\/et\/wp-json\/wp\/v2\/media\/6103"}],"wp:attachment":[{"href":"https:\/\/totalbeauty.ee\/et\/wp-json\/wp\/v2\/media?parent=5951"}],"wp:term":[{"taxonomy":"product_brand","embeddable":true,"href":"https:\/\/totalbeauty.ee\/et\/wp-json\/wp\/v2\/product_brand?post=5951"},{"taxonomy":"product_cat","embeddable":true,"href":"https:\/\/totalbeauty.ee\/et\/wp-json\/wp\/v2\/product_cat?post=5951"},{"taxonomy":"product_tag","embeddable":true,"href":"https:\/\/totalbeauty.ee\/et\/wp-json\/wp\/v2\/product_tag?post=5951"}],"curies":[{"name":"wp","href":"https:\/\/api.w.org\/{rel}","templated":true}]}}