{"id":5941,"date":"2025-03-14T19:14:32","date_gmt":"2025-03-14T16:14:32","guid":{"rendered":"https:\/\/totalbeauty.ee\/?post_type=product&#038;p=5941"},"modified":"2025-03-14T19:21:40","modified_gmt":"2025-03-14T16:21:40","slug":"niisutava-toimega-naopuhastusvaht-150-ml","status":"publish","type":"product","link":"https:\/\/totalbeauty.ee\/et\/shop\/pood\/naistele\/niisutava-toimega-naopuhastusvaht-150-ml\/","title":{"rendered":"Niisutava toimega n\u00e4opuhastusvaht 150 ml"},"content":{"rendered":"<p>Ahendab poore, puhastab naha s\u00fcgavuti, neutraliseerib ja tasakaalustab vabad radikaalid. Chorella vulgaris on spirulinaga sarnane rohevetikas, millel on palju kasulikke omadusi. Stimuleerib rakkude uuenemist ja v\u00e4hendab mikrop\u00f5letikke ning naha punetust. 97% koostisainetest on naturaalset p\u00e4ritolu.<\/p>\n<p>Kasutamine: hommikul ja \u00f5htul kuivale nahale, masseeri ringjate liigutustega, loputage puhta veega. \u00c4rge kasutage silmade puhastamiseks.<\/p>\n","protected":false},"excerpt":{"rendered":"<p>Ahendab poore, puhastab naha s\u00fcgavuti, neutraliseerib ja tasakaalustab vabad radikaalid. Chorella vulgaris on spirulinaga sarnane rohevetikas, millel on palju kasulikke omadusi. Stimuleerib rakkude uuenemist ja v\u00e4hendab mikrop\u00f5letikke ning naha punetust. 97% koostisainetest on naturaalset p\u00e4ritolu. Kasutamine: hommikul ja \u00f5htul kuivale [&hellip;]<\/p>\n","protected":false},"featured_media":6097,"template":"","meta":[],"product_brand":[],"product_cat":[202,214,209],"product_tag":[],"class_list":{"0":"post-5941","1":"product","2":"type-product","3":"status-publish","4":"has-post-thumbnail","6":"product_cat-naistele","7":"product_cat-pood","8":"product_cat-talika-et","10":"first","11":"instock","12":"shipping-taxable","13":"purchasable","14":"product-type-simple"},"_links":{"self":[{"href":"https:\/\/totalbeauty.ee\/et\/wp-json\/wp\/v2\/product\/5941","targetHints":{"allow":["GET"]}}],"collection":[{"href":"https:\/\/totalbeauty.ee\/et\/wp-json\/wp\/v2\/product"}],"about":[{"href":"https:\/\/totalbeauty.ee\/et\/wp-json\/wp\/v2\/types\/product"}],"wp:featuredmedia":[{"embeddable":true,"href":"https:\/\/totalbeauty.ee\/et\/wp-json\/wp\/v2\/media\/6097"}],"wp:attachment":[{"href":"https:\/\/totalbeauty.ee\/et\/wp-json\/wp\/v2\/media?parent=5941"}],"wp:term":[{"taxonomy":"product_brand","embeddable":true,"href":"https:\/\/totalbeauty.ee\/et\/wp-json\/wp\/v2\/product_brand?post=5941"},{"taxonomy":"product_cat","embeddable":true,"href":"https:\/\/totalbeauty.ee\/et\/wp-json\/wp\/v2\/product_cat?post=5941"},{"taxonomy":"product_tag","embeddable":true,"href":"https:\/\/totalbeauty.ee\/et\/wp-json\/wp\/v2\/product_tag?post=5941"}],"curies":[{"name":"wp","href":"https:\/\/api.w.org\/{rel}","templated":true}]}}