{"id":7122,"date":"2025-10-17T12:43:49","date_gmt":"2025-10-17T09:43:49","guid":{"rendered":"https:\/\/totalbeauty.ee\/?page_id=7122"},"modified":"2025-10-21T11:31:24","modified_gmt":"2025-10-21T08:31:24","slug":"kasutustingimused","status":"publish","type":"page","link":"https:\/\/totalbeauty.ee\/et\/kasutustingimused\/","title":{"rendered":"Kasutustingimused"},"content":{"rendered":"<div class=\"wpb-content-wrapper\"><p>[vc_row][vc_column][vc_column_text css=&#8221;&#8221;]<\/p>\n<section id=\"terms-et\">\n<h2><\/h2>\n<h2>1. \u00dclds\u00e4tted<\/h2>\n<p>K\u00e4esolevad Tingimused reguleerivad veebilehe totalbeauty.ee\/ kasutamist, kosmeetikatoodete m\u00fc\u00fcki ja juuksuri- ning k\u00fc\u00fcneteenuste osutamist ettev\u00f5tte <strong>TOTAL BEAUTY O\u00dc<\/strong> (registrikood 12877978, Narva, Eesti) poolt.<\/p>\n<p>Veebilehte kasutades ja tellimust esitades kinnitab klient, et on Tingimustega ja Privaatsuspoliitikaga tutvunud ning nendega n\u00f5us. Ettev\u00f5te v\u00f5ib Tingimusi muuta ilma eelneva teatamiseta; muudatused j\u00f5ustuvad avaldamisel veebilehel.<\/p>\n<h2>2. Tellimused ja maksmine<\/h2>\n<p>Kosmeetikatoodete tellimused esitatakse l\u00e4bi veebipoe. Maksta saab pangalingi, kaardi, arve v\u00f5i sularahaga k\u00e4ttesaamisel. Tellimused saadetakse p\u00e4rast makse laekumist, kui ei ole kokku lepitud teisiti. K\u00f5ik hinnad on eurodes ja sisaldavad k\u00e4ibemaksu, kui ei ole m\u00e4rgitud teisiti.<\/p>\n<h2>3. Tarne ja j\u00e4reletulemine<\/h2>\n<p>Tarne toimub Eesti piires postiteenuse v\u00f5i kulleriga, vastavalt kliendi valikule. Tarnehind ja -aeg s\u00f5ltuvad valitud teenusest. Klient v\u00f5ib valida kauba k\u00e4ttesaamiseks j\u00e4reletulemise salongist aadressil: <em>[sisesta aadress]<\/em>.<\/p>\n<h2>4. Tagastamine ja vahetamine<\/h2>\n<p>Kliendil on \u00f5igus lepingust taganeda 14 p\u00e4eva jooksul alates kauba k\u00e4ttesaamisest, kui toote pakend on avamata ja toodet ei ole kasutatud. Taganemis\u00f5igus ei kehti, kui toode on avatud, kasutatud v\u00f5i kuulub h\u00fcgieeni- ja kosmeetikatoodete hulka, mida ei saa tagastada (V\u00f5la\u00f5igusseadus \u00a753 (4)).<\/p>\n<p>Tagastuskulu kannab klient, kui ei ole s\u00e4testatud teisiti. Raha tagastatakse 14 p\u00e4eva jooksul p\u00e4rast tagastatud kauba k\u00e4ttesaamist.<\/p>\n<h2>5. Teenused<\/h2>\n<p>Aja broneerimine toimub telefoni, veebilehe v\u00f5i salongi kaudu. Aja t\u00fchistamine v\u00f5i muutmine on v\u00f5imalik kuni 24 tundi enne broneeritud aega. Hilinemisel rohkem kui 15 minutit on teenusepakkujal \u00f5igus teenusest keelduda. Teenuse hind m\u00e4\u00e4ratakse vastavalt kehtivale hinnakirjale. Kaebused teenuse kvaliteedi kohta v\u00f5etakse vastu 48 tunni jooksul, kui klient on j\u00e4rginud hooldussoovitusi.<\/p>\n<h2>6. Vastutus<\/h2>\n<p>Ettev\u00f5te ei vastuta kahju eest, mis tuleneb toodete valest kasutamisest v\u00f5i juhiste eiramisest. Klient peab esitama t\u00f5esed andmed tellimuse v\u00f5i broneeringu tegemisel. Tehniliste vigade korral v\u00f5ib ettev\u00f5te tellimuse t\u00fchistada ja makse tagastada.<\/p>\n<h2>7. Isikuandmete kaitse<\/h2>\n<p>K\u00f5iki isikuandmeid t\u00f6\u00f6deldakse vastavalt <a href=\"\/\">Privaatsuspoliitikale<\/a>. Andmeid kasutatakse ainult tellimuste t\u00e4itmiseks ja kliendisuhtluseks.<\/p>\n<h2>8. Kohaldatav \u00f5igus ja vaidluste lahendamine<\/h2>\n<p>Tingimustele kohaldatakse Eesti Vabariigi seadusi. Vaidlused lahendatakse l\u00e4bir\u00e4\u00e4kimiste teel; kokkuleppe mittesaavutamisel v\u00f5ib klient p\u00f6\u00f6rduda <a href=\"https:\/\/www.ttja.ee\/\">Tarbijavaidluste komisjoni<\/a>.<\/p>\n<\/section>\n<p>[\/vc_column_text][vc_empty_space height=&#8221;50px&#8221;][\/vc_column][\/vc_row]<\/p>\n<\/div>","protected":false},"excerpt":{"rendered":"<p>[vc_row][vc_column][vc_column_text css=&#8221;&#8221;] 1. \u00dclds\u00e4tted K\u00e4esolevad Tingimused reguleerivad veebilehe totalbeauty.ee\/ kasutamist, kosmeetikatoodete m\u00fc\u00fcki ja juuksuri- ning k\u00fc\u00fcneteenuste osutamist ettev\u00f5tte TOTAL BEAUTY O\u00dc (registrikood 12877978, Narva, Eesti) poolt. Veebilehte kasutades ja tellimust esitades kinnitab klient, et on Tingimustega ja Privaatsuspoliitikaga tutvunud ning [&hellip;]<\/p>\n","protected":false},"author":2,"featured_media":0,"parent":0,"menu_order":0,"comment_status":"closed","ping_status":"closed","template":"","meta":{"footnotes":""},"class_list":["post-7122","page","type-page","status-publish","hentry"],"_links":{"self":[{"href":"https:\/\/totalbeauty.ee\/et\/wp-json\/wp\/v2\/pages\/7122","targetHints":{"allow":["GET"]}}],"collection":[{"href":"https:\/\/totalbeauty.ee\/et\/wp-json\/wp\/v2\/pages"}],"about":[{"href":"https:\/\/totalbeauty.ee\/et\/wp-json\/wp\/v2\/types\/page"}],"author":[{"embeddable":true,"href":"https:\/\/totalbeauty.ee\/et\/wp-json\/wp\/v2\/users\/2"}],"replies":[{"embeddable":true,"href":"https:\/\/totalbeauty.ee\/et\/wp-json\/wp\/v2\/comments?post=7122"}],"version-history":[{"count":1,"href":"https:\/\/totalbeauty.ee\/et\/wp-json\/wp\/v2\/pages\/7122\/revisions"}],"predecessor-version":[{"id":7123,"href":"https:\/\/totalbeauty.ee\/et\/wp-json\/wp\/v2\/pages\/7122\/revisions\/7123"}],"wp:attachment":[{"href":"https:\/\/totalbeauty.ee\/et\/wp-json\/wp\/v2\/media?parent=7122"}],"curies":[{"name":"wp","href":"https:\/\/api.w.org\/{rel}","templated":true}]}}