{"id":7113,"date":"2025-08-18T00:01:07","date_gmt":"2025-08-17T21:01:07","guid":{"rendered":"https:\/\/totalbeauty.ee\/?page_id=7113"},"modified":"2025-10-21T11:23:17","modified_gmt":"2025-10-21T08:23:17","slug":"privacy-policy","status":"publish","type":"page","link":"https:\/\/totalbeauty.ee\/et\/privacy-policy\/","title":{"rendered":"Privaatsuspoliitika"},"content":{"rendered":"<div class=\"wpb-content-wrapper\"><p>[vc_row][vc_column][vc_column_text css=&#8221;&#8221;]<\/p>\n<section id=\"privacy-et\">\n<h2>1. \u00dclds\u00e4tted<\/h2>\n<p>K\u00e4esolev Privaatsuspoliitika kirjeldab, kuidas ettev\u00f5te <strong>TOTAL BEAUTY O\u00dc<\/strong> (registrikood 12877978, Narva, Eesti) t\u00f6\u00f6tleb ja kaitseb veebilehe totalbeauty.ee\/ kasutajate isikuandmeid.<\/p>\n<p>Veebilehte kasutades n\u00f5ustute selle Privaatsuspoliitikaga. Kui te ei n\u00f5ustu, palume veebilehte mitte kasutada.<\/p>\n<h2>2. Andmete kogumine ja kasutamine<\/h2>\n<p>Kogume ainult andmeid, mis on vajalikud tellimuste t\u00e4itmiseks ja teenuste osutamiseks: nimi, kontaktandmed, tarneaadress, tellimuste ajalugu ja eelistused. Andmed saadakse vormide t\u00e4itmisel, tellimuse esitamisel v\u00f5i klienditeenindusega \u00fchenduse v\u00f5tmisel.<\/p>\n<h2>3. Andmete t\u00f6\u00f6tlemise eesm\u00e4rgid<\/h2>\n<ul>\n<li>tellimuste t\u00e4itmine ja teenuste osutamine;<\/li>\n<li>kliendiga \u00fchenduse v\u00f5tmine tellimuse t\u00e4psustamiseks;<\/li>\n<li>teenuse ja veebilehe kvaliteedi parandamine;<\/li>\n<li>uudiste ja pakkumiste edastamine kliendi n\u00f5usolekul.<\/li>\n<\/ul>\n<h2>4. Andmete edastamine kolmandatele isikutele<\/h2>\n<p>Andmeid v\u00f5idakse edastada ainult partneritele, kes osalevad tellimuste t\u00e4itmises (tarne- ja makseteenuse pakkujad). K\u00f5ik partnerid peavad j\u00e4rgima konfidentsiaalsusn\u00f5udeid ja GDPR-i seadusi.<\/p>\n<h2>5. Andmete s\u00e4ilitamine ja kaitse<\/h2>\n<p>Isikuandmeid s\u00e4ilitatakse turvalises keskkonnas ja neile on juurdep\u00e4\u00e4s ainult volitatud isikutel. Kasutame kaasaegseid turvameetmeid (SSL, turvalised serverid jms).<\/p>\n<h2>6. Kasutaja \u00f5igused<\/h2>\n<p>Kasutajal on \u00f5igus oma andmetele juurde p\u00e4\u00e4seda, neid parandada v\u00f5i kustutada ning loobuda turunduslistidest igal ajal, kirjutades aadressile <a href=\"mailto:info@totalbeauty.ee\">info@totalbeauty.ee<\/a>.<\/p>\n<h2>7. Andmete s\u00e4ilitamise aeg<\/h2>\n<p>Isikuandmeid s\u00e4ilitatakse ainult seni, kuni see on vajalik eesm\u00e4rkide t\u00e4itmiseks v\u00f5i seadusega n\u00f5utud perioodi jooksul (nt raamatupidamine).<\/p>\n<h2>8. Kontakt<\/h2>\n<p>K\u00fcsimuste korral seoses Privaatsuspoliitikaga v\u00f5tke meiega \u00fchendust aadressil <a href=\"mailto:info@totalbeauty.ee\">info@totalbeauty.ee<\/a>.<\/p>\n<\/section>\n<p>[\/vc_column_text][vc_empty_space height=&#8221;50px&#8221;][\/vc_column][\/vc_row]<\/p>\n<\/div>","protected":false},"excerpt":{"rendered":"<p>[vc_row][vc_column][vc_column_text css=&#8221;&#8221;] 1. \u00dclds\u00e4tted K\u00e4esolev Privaatsuspoliitika kirjeldab, kuidas ettev\u00f5te TOTAL BEAUTY O\u00dc (registrikood 12877978, Narva, Eesti) t\u00f6\u00f6tleb ja kaitseb veebilehe totalbeauty.ee\/ kasutajate isikuandmeid. Veebilehte kasutades n\u00f5ustute selle Privaatsuspoliitikaga. Kui te ei n\u00f5ustu, palume veebilehte mitte kasutada. 2. Andmete kogumine ja [&hellip;]<\/p>\n","protected":false},"author":2,"featured_media":0,"parent":0,"menu_order":0,"comment_status":"closed","ping_status":"closed","template":"","meta":{"footnotes":""},"class_list":["post-7113","page","type-page","status-publish","hentry"],"_links":{"self":[{"href":"https:\/\/totalbeauty.ee\/et\/wp-json\/wp\/v2\/pages\/7113","targetHints":{"allow":["GET"]}}],"collection":[{"href":"https:\/\/totalbeauty.ee\/et\/wp-json\/wp\/v2\/pages"}],"about":[{"href":"https:\/\/totalbeauty.ee\/et\/wp-json\/wp\/v2\/types\/page"}],"author":[{"embeddable":true,"href":"https:\/\/totalbeauty.ee\/et\/wp-json\/wp\/v2\/users\/2"}],"replies":[{"embeddable":true,"href":"https:\/\/totalbeauty.ee\/et\/wp-json\/wp\/v2\/comments?post=7113"}],"version-history":[{"count":1,"href":"https:\/\/totalbeauty.ee\/et\/wp-json\/wp\/v2\/pages\/7113\/revisions"}],"predecessor-version":[{"id":7114,"href":"https:\/\/totalbeauty.ee\/et\/wp-json\/wp\/v2\/pages\/7113\/revisions\/7114"}],"wp:attachment":[{"href":"https:\/\/totalbeauty.ee\/et\/wp-json\/wp\/v2\/media?parent=7113"}],"curies":[{"name":"wp","href":"https:\/\/api.w.org\/{rel}","templated":true}]}}