{"id":7050,"date":"2025-10-17T14:09:59","date_gmt":"2025-10-17T11:09:59","guid":{"rendered":"https:\/\/totalbeauty.ee\/?page_id=7050"},"modified":"2025-10-21T10:12:40","modified_gmt":"2025-10-21T07:12:40","slug":"about","status":"publish","type":"page","link":"https:\/\/totalbeauty.ee\/et\/about\/","title":{"rendered":"Meist"},"content":{"rendered":"<div class=\"wpb-content-wrapper\"><p>[vc_row][vc_column][vc_column_text css=&#8221;&#8221;]<\/p>\n<section class=\"about\" lang=\"et\">Oleme tegutsenud alates 2015. aastast ning spetsialiseerume kvaliteetsele juuste- ja n\u00e4ohoolduskosmeetikale. Samuti pakume professionaalseid juuksuri- ja k\u00fc\u00fcneteenuseid.<\/p>\n<div class=\"split\">\n<div class=\"card\">\n<h3 class=\"about-heading\">Meie l\u00e4henemine<\/h3>\n<p>Alates esimesest p\u00e4evast l\u00e4htume lihtsast p\u00f5him\u00f5ttest \u2014 hoolime iga kliendi ilust ja mugavusest.<br \/>\nMeie valikus on ainult usaldusv\u00e4\u00e4rne kosmeetika tuntud br\u00e4ndidelt, mis aitab hoida naha ja juuste tervist ning r\u00f5hutada individuaalsust ja loomulikku ilu.<\/p>\n<p class=\"muted\">Meie meistrid on kogenud spetsialistid, kes t\u00e4iendavad pidevalt oma oskusi ja hoiavad end kursis kaasaegsete trendidega.<\/p>\n<\/div>\n<div class=\"card\">\n<h3 class=\"about-heading\">Mida me pakume<\/h3>\n<ul>\n<li class=\"li-about-title\"><i class=\"fa-solid fa-circle-check about-icon\"><\/i>L\u00f5ikused, v\u00e4rvimine ja hooldus<br \/>\nIgasuguse keerukusega teenused sinu juuste tervise ja ilu nimel.<\/li>\n<\/ul>\n<p>&nbsp;<\/p>\n<ul>\n<li class=\"li-about-title\"><i class=\"fa-solid fa-circle-check about-icon\"><\/i>Manik\u00fc\u00fcr ja pedik\u00fc\u00fcr<br \/>\nProfessionaalsed materjalid ja ohutud tehnikad.<\/li>\n<\/ul>\n<p>&nbsp;<\/p>\n<ul>\n<li class=\"li-about-title\"><i class=\"fa-solid fa-circle-check about-icon\"><\/i>Koduhoolduse konsultatsioonid<br \/>\nAitame valida sinu vajadustele sobivad tooted.<\/li>\n<\/ul>\n<p>&nbsp;<\/p>\n<blockquote>\n<div class=\"note\"><strong>Hindame iga klienti ning p\u00fc\u00fcame, et iga k\u00fclastus j\u00e4taks ainult meeldiva mulje.<\/strong><\/div>\n<\/blockquote>\n<\/div>\n<\/div>\n<\/section>\n<p>[\/vc_column_text][\/vc_column][\/vc_row]<\/p>\n<\/div>","protected":false},"excerpt":{"rendered":"<p>[vc_row][vc_column][vc_column_text css=&#8221;&#8221;] Oleme tegutsenud alates 2015. aastast ning spetsialiseerume kvaliteetsele juuste- ja n\u00e4ohoolduskosmeetikale. Samuti pakume professionaalseid juuksuri- ja k\u00fc\u00fcneteenuseid. Meie l\u00e4henemine Alates esimesest p\u00e4evast l\u00e4htume lihtsast p\u00f5him\u00f5ttest \u2014 hoolime iga kliendi ilust ja mugavusest. Meie valikus on ainult usaldusv\u00e4\u00e4rne kosmeetika [&hellip;]<\/p>\n","protected":false},"author":2,"featured_media":0,"parent":0,"menu_order":0,"comment_status":"closed","ping_status":"closed","template":"","meta":{"footnotes":""},"class_list":["post-7050","page","type-page","status-publish","hentry"],"_links":{"self":[{"href":"https:\/\/totalbeauty.ee\/et\/wp-json\/wp\/v2\/pages\/7050","targetHints":{"allow":["GET"]}}],"collection":[{"href":"https:\/\/totalbeauty.ee\/et\/wp-json\/wp\/v2\/pages"}],"about":[{"href":"https:\/\/totalbeauty.ee\/et\/wp-json\/wp\/v2\/types\/page"}],"author":[{"embeddable":true,"href":"https:\/\/totalbeauty.ee\/et\/wp-json\/wp\/v2\/users\/2"}],"replies":[{"embeddable":true,"href":"https:\/\/totalbeauty.ee\/et\/wp-json\/wp\/v2\/comments?post=7050"}],"version-history":[{"count":1,"href":"https:\/\/totalbeauty.ee\/et\/wp-json\/wp\/v2\/pages\/7050\/revisions"}],"predecessor-version":[{"id":7051,"href":"https:\/\/totalbeauty.ee\/et\/wp-json\/wp\/v2\/pages\/7050\/revisions\/7051"}],"wp:attachment":[{"href":"https:\/\/totalbeauty.ee\/et\/wp-json\/wp\/v2\/media?parent=7050"}],"curies":[{"name":"wp","href":"https:\/\/api.w.org\/{rel}","templated":true}]}}